{"id":28,"date":"2022-11-03T13:50:13","date_gmt":"2022-11-03T12:50:13","guid":{"rendered":"http:\/\/rupieciarze.pl\/?page_id=28"},"modified":"2022-11-03T15:15:21","modified_gmt":"2022-11-03T14:15:21","slug":"wspomoz","status":"publish","type":"page","link":"https:\/\/rupieciarze.pl\/index.php\/wspomoz\/","title":{"rendered":"Wspom\u00f3\u017c"},"content":{"rendered":"\n<p>Mo\u017cecie wspom\u00f3c nasz\u0105 dzia\u0142alno\u015b\u0107 zar\u00f3wno finansowo jak i pieni\u0119\u017cnie ;). No i oczywi\u015bcie jak by\u015bcie chcieli podes\u0142a\u0107 nam co\u015b materialnego, to te\u017c w razie mo\u017cliwo\u015bci przyjmiemy.<\/p>\n\n\n\n<p>Co do finans\u00f3w to wspom\u00f3c nas mo\u017cna przelewem na nasze rupieciarskie konto:<\/p>\n\n\n\n<p class=\"has-text-align-center has-medium-font-size\">Rupieciarze<br>mBank<br><strong>46 1140 2004 0000 3702 8260 8498<\/strong><\/p>\n\n\n\n<p>Mo\u017cecie r\u00f3wnie\u017c skorzysta\u0107 z linka poni\u017cej i postawi\u0107 nam wirtualn\u0105 kawk\u0119:<\/p>\n\n\n\n<center><a href=\"https:\/\/buycoffee.to\/rupieciarze\" target=\"_blank\" rel=\"noopener\"><img decoding=\"async\" src=\"https:\/\/buycoffee.to\/btn\/buycoffeeto-btn-primary.svg\" style=\"width: 300px\" alt=\"Postaw mi kaw\u0119 na buycoffee.to\"><\/a><\/center>\n\n\n\n<p>Zapraszamy r\u00f3wnie\u017c na nasze konto Allegro, gdzie umieszczamy co poniekt\u00f3re znalezione rzeczy:<\/p>\n\n\n\n<p class=\"has-text-align-center has-large-font-size\"><a href=\"https:\/\/allegro.pl\/uzytkownik\/rupieciarze\" target=\"_blank\" rel=\"noopener\" title=\"Allegro\">https:\/\/allegro.pl\/uzytkownik\/rupieciarze<\/a><\/p>\n","protected":false},"excerpt":{"rendered":"<p>Mo\u017cecie wspom\u00f3c nasz\u0105 dzia\u0142alno\u015b\u0107 zar\u00f3wno finansowo jak i pieni\u0119\u017cnie ;). No i oczywi\u015bcie jak by\u015bcie chcieli podes\u0142a\u0107 nam co\u015b materialnego, to te\u017c w razie mo\u017cliwo\u015bci przyjmiemy. Co do finans\u00f3w to wspom\u00f3c nas mo\u017cna przelewem na nasze rupieciarskie konto: RupieciarzemBank46 1140 2004 0000 3702 8260 8498 Mo\u017cecie r\u00f3wnie\u017c skorzysta\u0107 z linka poni\u017cej i postawi\u0107 nam wirtualn\u0105 [&hellip;]<\/p>\n","protected":false},"author":1,"featured_media":0,"parent":0,"menu_order":0,"comment_status":"closed","ping_status":"closed","template":"","meta":{"om_disable_all_campaigns":false,"_monsterinsights_skip_tracking":false,"_monsterinsights_sitenote_active":false,"_monsterinsights_sitenote_note":"","_monsterinsights_sitenote_category":0,"footnotes":""},"class_list":["post-28","page","type-page","status-publish","hentry"],"aioseo_notices":[],"_links":{"self":[{"href":"https:\/\/rupieciarze.pl\/index.php\/wp-json\/wp\/v2\/pages\/28","targetHints":{"allow":["GET"]}}],"collection":[{"href":"https:\/\/rupieciarze.pl\/index.php\/wp-json\/wp\/v2\/pages"}],"about":[{"href":"https:\/\/rupieciarze.pl\/index.php\/wp-json\/wp\/v2\/types\/page"}],"author":[{"embeddable":true,"href":"https:\/\/rupieciarze.pl\/index.php\/wp-json\/wp\/v2\/users\/1"}],"replies":[{"embeddable":true,"href":"https:\/\/rupieciarze.pl\/index.php\/wp-json\/wp\/v2\/comments?post=28"}],"version-history":[{"count":6,"href":"https:\/\/rupieciarze.pl\/index.php\/wp-json\/wp\/v2\/pages\/28\/revisions"}],"predecessor-version":[{"id":69,"href":"https:\/\/rupieciarze.pl\/index.php\/wp-json\/wp\/v2\/pages\/28\/revisions\/69"}],"wp:attachment":[{"href":"https:\/\/rupieciarze.pl\/index.php\/wp-json\/wp\/v2\/media?parent=28"}],"curies":[{"name":"wp","href":"https:\/\/api.w.org\/{rel}","templated":true}]}}